{"id":167,"date":"2024-08-13T20:14:44","date_gmt":"2024-08-13T20:14:44","guid":{"rendered":"https:\/\/quiitos-ec.com\/offerings\/"},"modified":"2026-01-28T04:17:22","modified_gmt":"2026-01-28T04:17:22","slug":"offerings","status":"publish","type":"page","link":"https:\/\/quiitos-ec.com\/es\/offerings\/","title":{"rendered":"Servicios"},"content":{"rendered":"<div class=\"wp-block-uagb-container uagb-block-6803eae3 alignfull uagb-is-root-container\"><div class=\"uagb-container-inner-blocks-wrap\">\n<div class=\"wp-block-uagb-advanced-heading uagb-block-a2f9964e\"><h1 class=\"uagb-heading-text\">Nuestras soluciones<\/h1><\/div>\n<\/div><\/div>\n\n\n\n<div class=\"wp-block-uagb-container uagb-block-623363c6 alignfull uagb-is-root-container\"><div class=\"uagb-container-inner-blocks-wrap\">\n<div class=\"wp-block-uagb-info-box uagb-block-3801b6ed uagb-infobox__content-wrap  uagb-infobox-icon-above-title uagb-infobox-image-valign-top\"><div class=\"uagb-ifb-content\"><div class=\"uagb-ifb-title-wrap\"><h2 class=\"uagb-ifb-title\">Servicios<\/h2><\/div><p class=\"uagb-ifb-desc\">Explore nuestras innovadoras soluciones clave de bioinsumos dise\u00f1adas para la agricultura sostenible y la industria alimentaria.<\/p><\/div><\/div>\n\n\n\n<div class=\"wp-block-uagb-container uagb-block-e91230d3\">\n<div class=\"wp-block-uagb-container uagb-block-b46395ef\">\n<div class=\"wp-block-uagb-image alignleft uagb-block-4ff9da3f wp-block-uagb-image--layout-default wp-block-uagb-image--effect-static wp-block-uagb-image--align-left\"><figure class=\"wp-block-uagb-image__figure\"><img decoding=\"async\" srcset=\"https:\/\/quiitos-ec.com\/wp-content\/uploads\/2024\/08\/pexels-photo-7140305.jpeg ,https:\/\/quiitos-ec.com\/wp-content\/uploads\/2024\/08\/pexels-photo-7140305.jpeg 780w, https:\/\/quiitos-ec.com\/wp-content\/uploads\/2024\/08\/pexels-photo-7140305.jpeg 360w\" sizes=\"(max-width: 480px) 150px\" src=\"https:\/\/quiitos-ec.com\/wp-content\/uploads\/2024\/08\/pexels-photo-7140305.jpeg\" alt=\"\" class=\"uag-image-16\" width=\"560\" height=\"500\" title=\"\" loading=\"lazy\" role=\"img\"\/><\/figure><\/div>\n<\/div>\n\n\n\n<div class=\"wp-block-uagb-container uagb-block-7621abb2\">\n<div class=\"wp-block-uagb-info-box uagb-block-f3d2d6b2 uagb-infobox__content-wrap  uagb-infobox-icon-above-title uagb-infobox-image-valign-top\"><div class=\"uagb-ifb-content\"><div class=\"uagb-ifb-title-wrap\"><span class=\"uagb-ifb-title-prefix\">01<\/span><h3 class=\"uagb-ifb-title\">Bioinsumos<\/h3><\/div><p class=\"uagb-ifb-desc\">Nuestra primera oferta es una innovadora soluci\u00f3n de bioinsumo enriquecida con microorganismos beneficiosos que mejoran la fertilidad del suelo y la productividad de los cultivos.<\/p><div class=\"uagb-ifb-button-wrapper wp-block-button\"><a href=\"\/es\/contact\/\" class=\"uagb-infobox-cta-link wp-block-button__link\" target=\"_self\" rel=\"noopener noreferrer\" onclick=\"return true;\"><span class=\"uagb-inline-editing\">Empezar<\/span><\/a><\/div><\/div><\/div>\n<\/div>\n<\/div>\n\n\n\n<div class=\"wp-block-uagb-container uagb-block-3893b8aa\">\n<div class=\"wp-block-uagb-container uagb-block-b02b419f\">\n<div class=\"wp-block-uagb-image alignright uagb-block-2622f629 wp-block-uagb-image--layout-default wp-block-uagb-image--effect-static wp-block-uagb-image--align-right\"><figure class=\"wp-block-uagb-image__figure\"><img decoding=\"async\" srcset=\"https:\/\/quiitos-ec.com\/wp-content\/uploads\/2025\/02\/IMG_0411-1024x768.jpg ,https:\/\/quiitos-ec.com\/wp-content\/uploads\/2025\/02\/IMG_0411.jpg 780w, https:\/\/quiitos-ec.com\/wp-content\/uploads\/2025\/02\/IMG_0411.jpg 360w\" sizes=\"(max-width: 480px) 150px\" src=\"https:\/\/quiitos-ec.com\/wp-content\/uploads\/2025\/02\/IMG_0411-1024x768.jpg\" alt=\"\" class=\"uag-image-1706\" width=\"560\" height=\"500\" title=\"IMG_0411\" loading=\"lazy\" role=\"img\"\/><\/figure><\/div>\n<\/div>\n\n\n\n<div class=\"wp-block-uagb-container uagb-block-862a6668\">\n<div class=\"wp-block-uagb-info-box uagb-block-411c16f4 uagb-infobox__content-wrap  uagb-infobox-icon-above-title uagb-infobox-image-valign-top\"><div class=\"uagb-ifb-content\"><div class=\"uagb-ifb-title-wrap\"><span class=\"uagb-ifb-title-prefix\">02<\/span><h3 class=\"uagb-ifb-title\">Tecnolog\u00eda agr\u00edcola<\/h3><\/div><p class=\"uagb-ifb-desc\">Experimente el poder de nuestros biofertilizantes \u00fanicos, dise\u00f1ados espec\u00edficamente para optimizar la nutrici\u00f3n de las plantas y garantizar cosechas saludables y de alto rendimiento.<\/p><div class=\"uagb-ifb-button-wrapper wp-block-button\"><a href=\"\/es\/contact\/\" class=\"uagb-infobox-cta-link wp-block-button__link\" target=\"_self\" rel=\"noopener noreferrer\" onclick=\"return true;\"><span class=\"uagb-inline-editing\">Empezar<\/span><\/a><\/div><\/div><\/div>\n<\/div>\n<\/div>\n\n\n\n<div class=\"wp-block-uagb-container uagb-block-64c2a67e\">\n<div class=\"wp-block-uagb-container uagb-block-3fbfeeed\">\n<div class=\"wp-block-uagb-image alignleft uagb-block-5517d747 wp-block-uagb-image--layout-default wp-block-uagb-image--effect-static wp-block-uagb-image--align-left\"><figure class=\"wp-block-uagb-image__figure\"><img decoding=\"async\" srcset=\"https:\/\/quiitos-ec.com\/wp-content\/uploads\/2024\/08\/pexels-photo-248152.jpeg ,https:\/\/quiitos-ec.com\/wp-content\/uploads\/2024\/08\/pexels-photo-248152.jpeg 780w, https:\/\/quiitos-ec.com\/wp-content\/uploads\/2024\/08\/pexels-photo-248152.jpeg 360w\" sizes=\"(max-width: 480px) 150px\" src=\"https:\/\/quiitos-ec.com\/wp-content\/uploads\/2024\/08\/pexels-photo-248152.jpeg\" alt=\"\" class=\"uag-image-15\" width=\"560\" height=\"500\" title=\"\" loading=\"lazy\" role=\"img\"\/><\/figure><\/div>\n<\/div>\n\n\n\n<div class=\"wp-block-uagb-container uagb-block-4906a1e2\">\n<div class=\"wp-block-uagb-info-box uagb-block-b2c48bb3 uagb-infobox__content-wrap  uagb-infobox-icon-above-title uagb-infobox-image-valign-top\"><div class=\"uagb-ifb-content\"><div class=\"uagb-ifb-title-wrap\"><span class=\"uagb-ifb-title-prefix\">03<\/span><h3 class=\"uagb-ifb-title\">Industria alimentaria<\/h3><\/div><p class=\"uagb-ifb-desc\">Descubra nuestros probi\u00f3ticos de \u00faltima generaci\u00f3n para la industria alimentaria, promoviendo la conservaci\u00f3n natural y mejorando la calidad y seguridad de los alimentos.<\/p><div class=\"uagb-ifb-button-wrapper wp-block-button\"><a href=\"\/es\/contact\/\" class=\"uagb-infobox-cta-link wp-block-button__link\" target=\"_self\" rel=\"noopener noreferrer\" onclick=\"return true;\"><span class=\"uagb-inline-editing\">Empezar<\/span><\/a><\/div><\/div><\/div>\n<\/div>\n<\/div>\n<\/div><\/div>\n\n\n\n<div class=\"wp-block-uagb-container uagb-block-407e9912 alignfull uagb-is-root-container\"><div class=\"uagb-container-inner-blocks-wrap\"><\/div><\/div>\n\n\n\n<div class=\"wp-block-uagb-container uagb-block-c6476a98 alignfull uagb-is-root-container\"><div class=\"uagb-container-inner-blocks-wrap\">\n<div class=\"wp-block-uagb-container uagb-block-499f3e2a\">\n<div class=\"wp-block-uagb-advanced-heading uagb-block-6fe09642\"><h2 class=\"uagb-heading-text\">Propuesta de valor \u00fanica<\/h2><\/div>\n\n\n\n<div class=\"wp-block-uagb-advanced-heading uagb-block-72279faa\"><p class=\"uagb-heading-text\">Ofrecemos bioinsumos amigables con el medio ambiente que impulsan el crecimiento sustentable, estableciendo nuevos est\u00e1ndares en la agricultura y la industria alimentaria.<\/p><\/div>\n<\/div>\n\n\n\n<div class=\"wp-block-uagb-container uagb-block-8c7963ad\">\n<div class=\"wp-block-uagb-container uagb-block-918d0378\">\n<div class=\"wp-block-uagb-image uagb-block-0a080123 wp-block-uagb-image--layout-default wp-block-uagb-image--effect-static wp-block-uagb-image--align-none\"><figure class=\"wp-block-uagb-image__figure\"><img decoding=\"async\" srcset=\"https:\/\/quiitos-ec.com\/wp-content\/uploads\/2024\/08\/pexels-photo-3938022.jpeg ,https:\/\/quiitos-ec.com\/wp-content\/uploads\/2024\/08\/pexels-photo-3938022.jpeg 780w, https:\/\/quiitos-ec.com\/wp-content\/uploads\/2024\/08\/pexels-photo-3938022.jpeg 360w\" sizes=\"(max-width: 480px) 150px\" src=\"https:\/\/quiitos-ec.com\/wp-content\/uploads\/2024\/08\/pexels-photo-3938022.jpeg\" alt=\"\" class=\"uag-image-14\" width=\"560\" height=\"450\" title=\"\" loading=\"lazy\" role=\"img\"\/><\/figure><\/div>\n\n\n\n<div class=\"wp-block-uagb-advanced-heading uagb-block-53687665\"><h3 class=\"uagb-heading-text\">Soluciones sostenibles<\/h3><p class=\"uagb-desc-text\">Nuestros productos de bioinsumos promueven pr\u00e1cticas agr\u00edcolas sostenibles y el cuidado del medio ambiente.<\/p><\/div>\n<\/div>\n\n\n\n<div class=\"wp-block-uagb-container uagb-block-a2b4d0ac\">\n<div class=\"wp-block-uagb-image alignleft uagb-block-7a16e14f wp-block-uagb-image--layout-default wp-block-uagb-image--effect-static wp-block-uagb-image--align-left\"><figure class=\"wp-block-uagb-image__figure\"><img decoding=\"async\" srcset=\"https:\/\/quiitos-ec.com\/wp-content\/uploads\/2024\/08\/pexels-photo-248152.jpeg ,https:\/\/quiitos-ec.com\/wp-content\/uploads\/2024\/08\/pexels-photo-248152.jpeg 780w, https:\/\/quiitos-ec.com\/wp-content\/uploads\/2024\/08\/pexels-photo-248152.jpeg 360w\" sizes=\"(max-width: 480px) 150px\" src=\"https:\/\/quiitos-ec.com\/wp-content\/uploads\/2024\/08\/pexels-photo-248152.jpeg\" alt=\"\" class=\"uag-image-15\" width=\"560\" height=\"450\" title=\"\" loading=\"lazy\" role=\"img\"\/><\/figure><\/div>\n\n\n\n<div class=\"wp-block-uagb-advanced-heading uagb-block-c5a580ac\"><h3 class=\"uagb-heading-text\">Impulsado por la innovaci\u00f3n<\/h3><p class=\"uagb-desc-text\">Somos l\u00edderes en el desarrollo de tecnolog\u00edas agr\u00edcolas de vanguardia para un futuro m\u00e1s verde.<\/p><\/div>\n<\/div>\n<\/div>\n<\/div><\/div>\n\n\n\n<div class=\"wp-block-uagb-container uagb-block-c84325e4 alignfull uagb-is-root-container\"><div class=\"uagb-container-inner-blocks-wrap\">\n<div class=\"wp-block-uagb-info-box uagb-block-d8a09d88 uagb-infobox__content-wrap  uagb-infobox-icon-above-title uagb-infobox-image-valign-top\"><div class=\"uagb-ifb-content\"><div class=\"uagb-ifb-title-wrap\"><h2 class=\"uagb-ifb-title\">\u00danete a nosotros<\/h2><\/div><p class=\"uagb-ifb-desc\">\u00danete al movimiento de agricultura sostenible. Juntos podemos crear un futuro m\u00e1s verde.<\/p><div class=\"uagb-ifb-button-wrapper wp-block-button\"><a href=\"\/es\/contact\/\" class=\"uagb-infobox-cta-link wp-block-button__link\" target=\"_self\" rel=\"noopener noreferrer\" onclick=\"return true;\" alt=\"\"><span class=\"uagb-inline-editing\">Cont\u00e1ctanos<\/span><\/a><\/div><\/div><\/div>\n<\/div><\/div>","protected":false},"excerpt":{"rendered":"<p>Our Solutions Unique Value Proposition We offer environmentally friendly bio-inputs that drive sustainable growth, setting new standards in agriculture and [&hellip;]<\/p>","protected":false},"author":1,"featured_media":0,"parent":0,"menu_order":0,"comment_status":"closed","ping_status":"closed","template":"","meta":{"_uag_custom_page_level_css":"","site-sidebar-layout":"default","site-content-layout":"","ast-site-content-layout":"default","site-content-style":"default","site-sidebar-style":"default","ast-global-header-display":"","ast-banner-title-visibility":"","ast-main-header-display":"","ast-hfb-above-header-display":"","ast-hfb-below-header-display":"","ast-hfb-mobile-header-display":"","site-post-title":"disabled","ast-breadcrumbs-content":"","ast-featured-img":"","footer-sml-layout":"","theme-transparent-header-meta":"enabled","adv-header-id-meta":"","stick-header-meta":"","header-above-stick-meta":"","header-main-stick-meta":"","header-below-stick-meta":"","astra-migrate-meta-layouts":"set","ast-page-background-enabled":"default","ast-page-background-meta":{"desktop":{"background-color":"var(--ast-global-color-4)","background-image":"","background-repeat":"repeat","background-position":"center center","background-size":"auto","background-attachment":"scroll","background-type":"","background-media":"","overlay-type":"","overlay-color":"","overlay-opacity":"","overlay-gradient":""},"tablet":{"background-color":"","background-image":"","background-repeat":"repeat","background-position":"center center","background-size":"auto","background-attachment":"scroll","background-type":"","background-media":"","overlay-type":"","overlay-color":"","overlay-opacity":"","overlay-gradient":""},"mobile":{"background-color":"","background-image":"","background-repeat":"repeat","background-position":"center center","background-size":"auto","background-attachment":"scroll","background-type":"","background-media":"","overlay-type":"","overlay-color":"","overlay-opacity":"","overlay-gradient":""}},"ast-content-background-meta":{"desktop":{"background-color":"var(--ast-global-color-5)","background-image":"","background-repeat":"repeat","background-position":"center center","background-size":"auto","background-attachment":"scroll","background-type":"","background-media":"","overlay-type":"","overlay-color":"","overlay-opacity":"","overlay-gradient":""},"tablet":{"background-color":"var(--ast-global-color-5)","background-image":"","background-repeat":"repeat","background-position":"center center","background-size":"auto","background-attachment":"scroll","background-type":"","background-media":"","overlay-type":"","overlay-color":"","overlay-opacity":"","overlay-gradient":""},"mobile":{"background-color":"var(--ast-global-color-5)","background-image":"","background-repeat":"repeat","background-position":"center center","background-size":"auto","background-attachment":"scroll","background-type":"","background-media":"","overlay-type":"","overlay-color":"","overlay-opacity":"","overlay-gradient":""}},"footnotes":""},"class_list":["post-167","page","type-page","status-publish","hentry"],"uagb_featured_image_src":{"full":false,"thumbnail":false,"medium":false,"medium_large":false,"large":false,"1536x1536":false,"2048x2048":false,"trp-custom-language-flag":false},"uagb_author_info":{"display_name":"nubiagriva84@gmail.com","author_link":"https:\/\/quiitos-ec.com\/es\/author\/nubiagriva84gmail-com\/"},"uagb_comment_info":0,"uagb_excerpt":"Our Solutions Unique Value Proposition We offer environmentally friendly bio-inputs that drive sustainable growth, setting new standards in agriculture and [&hellip;]","_links":{"self":[{"href":"https:\/\/quiitos-ec.com\/es\/wp-json\/wp\/v2\/pages\/167"}],"collection":[{"href":"https:\/\/quiitos-ec.com\/es\/wp-json\/wp\/v2\/pages"}],"about":[{"href":"https:\/\/quiitos-ec.com\/es\/wp-json\/wp\/v2\/types\/page"}],"author":[{"embeddable":true,"href":"https:\/\/quiitos-ec.com\/es\/wp-json\/wp\/v2\/users\/1"}],"replies":[{"embeddable":true,"href":"https:\/\/quiitos-ec.com\/es\/wp-json\/wp\/v2\/comments?post=167"}],"version-history":[{"count":7,"href":"https:\/\/quiitos-ec.com\/es\/wp-json\/wp\/v2\/pages\/167\/revisions"}],"predecessor-version":[{"id":1954,"href":"https:\/\/quiitos-ec.com\/es\/wp-json\/wp\/v2\/pages\/167\/revisions\/1954"}],"wp:attachment":[{"href":"https:\/\/quiitos-ec.com\/es\/wp-json\/wp\/v2\/media?parent=167"}],"curies":[{"name":"wp","href":"https:\/\/api.w.org\/{rel}","templated":true}]}}