{"id":1259,"date":"2024-08-13T20:14:44","date_gmt":"2024-08-13T20:14:44","guid":{"rendered":"https:\/\/quiitos-ec.com\/home\/"},"modified":"2026-04-02T07:45:28","modified_gmt":"2026-04-02T07:45:28","slug":"home","status":"publish","type":"page","link":"https:\/\/quiitos-ec.com\/es\/","title":{"rendered":"Inicio"},"content":{"rendered":"<div class=\"wp-block-uagb-container uagb-block-edf9ad47 alignfull uagb-is-root-container\"><div class=\"uagb-container-inner-blocks-wrap\">\n<div class=\"wp-block-uagb-info-box uagb-block-360d083e uagb-infobox__content-wrap  uagb-infobox-icon-above-title uagb-infobox-image-valign-top\"><div class=\"uagb-ifb-content\"><div class=\"uagb-ifb-title-wrap\"><h1 class=\"uagb-ifb-title\"><strong>QUIITOS<\/strong><br>Revolucionando la agricultura y la industria alimentaria con microorganismos<\/h1><\/div><p class=\"uagb-ifb-desc\">Mejorar el rendimiento de los cultivos y crear nuevos alimentos y bebidas mediante innovaciones sostenibles en bioinsumos<\/p><div class=\"uagb-ifb-button-wrapper wp-block-button\"><a href=\"\/es\/contact\/\" class=\"uagb-infobox-cta-link wp-block-button__link\" target=\"_self\" rel=\"noopener noreferrer\" onclick=\"return true;\"><span class=\"uagb-inline-editing\">Cont\u00e1ctanos<\/span><\/a><\/div><\/div><\/div>\n<\/div><\/div>\n\n\n\n<div class=\"wp-block-uagb-container uagb-block-cd2fc679 alignfull uagb-is-root-container\"><div class=\"uagb-container-inner-blocks-wrap\">\n<div class=\"wp-block-uagb-info-box uagb-block-3b175fd5 uagb-infobox__content-wrap  uagb-infobox-icon-above-title uagb-infobox-image-valign-top\"><div class=\"uagb-ifb-content\"><div class=\"uagb-ifb-title-wrap\"><h2 class=\"uagb-ifb-title\">Servicios<\/h2><\/div><p class=\"uagb-ifb-desc\">Explore nuestras innovadoras soluciones clave de bioinsumos dise\u00f1adas para la agricultura sostenible y la industria alimentaria.<\/p><\/div><\/div>\n\n\n\n<div class=\"wp-block-uagb-container uagb-block-93377a07\">\n<div class=\"wp-block-uagb-container uagb-block-fae5d157\">\n<div class=\"wp-block-uagb-image alignleft uagb-block-df4cd6be wp-block-uagb-image--layout-default wp-block-uagb-image--effect-static wp-block-uagb-image--align-left\"><figure class=\"wp-block-uagb-image__figure\"><img decoding=\"async\" srcset=\"https:\/\/quiitos-ec.com\/wp-content\/uploads\/2024\/08\/Imagen-de-WhatsApp-2024-08-14-a-las-16.23.29_023e929e-1-1014x1024.jpg ,https:\/\/quiitos-ec.com\/wp-content\/uploads\/2024\/08\/Imagen-de-WhatsApp-2024-08-14-a-las-16.23.29_023e929e-1.jpg 780w, https:\/\/quiitos-ec.com\/wp-content\/uploads\/2024\/08\/Imagen-de-WhatsApp-2024-08-14-a-las-16.23.29_023e929e-1.jpg 360w\" sizes=\"(max-width: 480px) 150px\" src=\"https:\/\/quiitos-ec.com\/wp-content\/uploads\/2024\/08\/Imagen-de-WhatsApp-2024-08-14-a-las-16.23.29_023e929e-1-1014x1024.jpg\" alt=\"\" class=\"uag-image-1579\" width=\"373\" height=\"480\" title=\"Imagen de WhatsApp 2024-08-14 a las 16.23.29_023e929e\" loading=\"lazy\" role=\"img\"\/><\/figure><\/div>\n\n\n\n<div class=\"wp-block-uagb-advanced-heading uagb-block-82da6484\"><h3 class=\"uagb-heading-text\">Bioinsumos<\/h3><p class=\"uagb-desc-text\">Aproveche el poder de los microorganismos beneficiosos para optimizar el crecimiento y la salud de los cultivos de forma sostenible.<\/p><\/div>\n<\/div>\n\n\n\n<div class=\"wp-block-uagb-container uagb-block-b4a21a88\">\n<div class=\"wp-block-uagb-image alignleft uagb-block-2400b6c1 wp-block-uagb-image--layout-default wp-block-uagb-image--effect-static wp-block-uagb-image--align-left\"><figure class=\"wp-block-uagb-image__figure\"><img decoding=\"async\" srcset=\"https:\/\/quiitos-ec.com\/wp-content\/uploads\/2024\/08\/pexels-photo-3938022.jpeg ,https:\/\/quiitos-ec.com\/wp-content\/uploads\/2024\/08\/pexels-photo-3938022.jpeg 780w, https:\/\/quiitos-ec.com\/wp-content\/uploads\/2024\/08\/pexels-photo-3938022.jpeg 360w\" sizes=\"(max-width: 480px) 150px\" src=\"https:\/\/quiitos-ec.com\/wp-content\/uploads\/2024\/08\/pexels-photo-3938022.jpeg\" alt=\"\" class=\"uag-image-14\" width=\"373\" height=\"480\" title=\"\" loading=\"lazy\" role=\"img\"\/><\/figure><\/div>\n\n\n\n<div class=\"wp-block-uagb-advanced-heading uagb-block-ddf76d8a\"><h3 class=\"uagb-heading-text\">Tecnolog\u00eda agr\u00edcola<\/h3><p class=\"uagb-desc-text\">Aprovechar tecnolog\u00edas agr\u00edcolas innovadoras para mejorar la eficiencia y las pr\u00e1cticas ecol\u00f3gicas.<\/p><\/div>\n<\/div>\n\n\n\n<div class=\"wp-block-uagb-container uagb-block-4be5b602\">\n<div class=\"wp-block-uagb-image alignleft uagb-block-b48fe4eb wp-block-uagb-image--layout-default wp-block-uagb-image--effect-static wp-block-uagb-image--align-left\"><figure class=\"wp-block-uagb-image__figure\"><img decoding=\"async\" srcset=\"https:\/\/quiitos-ec.com\/wp-content\/uploads\/2024\/08\/pexels-photo-248152.jpeg ,https:\/\/quiitos-ec.com\/wp-content\/uploads\/2024\/08\/pexels-photo-248152.jpeg 780w, https:\/\/quiitos-ec.com\/wp-content\/uploads\/2024\/08\/pexels-photo-248152.jpeg 360w\" sizes=\"(max-width: 480px) 150px\" src=\"https:\/\/quiitos-ec.com\/wp-content\/uploads\/2024\/08\/pexels-photo-248152.jpeg\" alt=\"\" class=\"uag-image-15\" width=\"373\" height=\"480\" title=\"\" loading=\"lazy\" role=\"img\"\/><\/figure><\/div>\n\n\n\n<div class=\"wp-block-uagb-advanced-heading uagb-block-2d89467b\"><h3 class=\"uagb-heading-text\">Industria alimentaria<\/h3><p class=\"uagb-desc-text\">Transformar los procesos de producci\u00f3n de alimentos con soluciones de base biol\u00f3gica para lograr calidad y sostenibilidad.<\/p><\/div>\n<\/div>\n<\/div>\n<\/div><\/div>\n\n\n\n<div class=\"wp-block-uagb-container uagb-block-0cf1e869 alignfull uagb-is-root-container\"><div class=\"uagb-container-inner-blocks-wrap\">\n<div class=\"wp-block-uagb-container uagb-block-8e894bf5\">\n<div class=\"wp-block-uagb-image uagb-block-3692a4a2 wp-block-uagb-image--layout-default wp-block-uagb-image--effect-static wp-block-uagb-image--align-none\"><figure class=\"wp-block-uagb-image__figure\"><img decoding=\"async\" srcset=\"https:\/\/quiitos-ec.com\/wp-content\/uploads\/2024\/08\/19-1024x768.jpg ,https:\/\/quiitos-ec.com\/wp-content\/uploads\/2024\/08\/19.jpg 780w, https:\/\/quiitos-ec.com\/wp-content\/uploads\/2024\/08\/19.jpg 360w\" sizes=\"(max-width: 480px) 150px\" src=\"https:\/\/quiitos-ec.com\/wp-content\/uploads\/2024\/08\/19-1024x768.jpg\" alt=\"\" class=\"uag-image-1566\" width=\"2048\" height=\"1536\" title=\"19\" loading=\"lazy\" role=\"img\"\/><\/figure><\/div>\n<\/div>\n\n\n\n<div class=\"wp-block-uagb-container uagb-block-db5a712e\">\n<div class=\"wp-block-uagb-info-box uagb-block-69f2621f uagb-infobox__content-wrap  uagb-infobox-icon-above-title uagb-infobox-image-valign-top\"><div class=\"uagb-ifb-content\"><div class=\"uagb-ifb-title-wrap\"><h2 class=\"uagb-ifb-title\">Nuestra historia<\/h2><\/div><p class=\"uagb-ifb-desc\">Con ra\u00edces en la biotecnolog\u00eda y un enfoque en la sostenibilidad, QUIITOS aporta valioso conocimiento de la industria a los sectores agr\u00edcola y alimentario a trav\u00e9s de bioinsumos innovadores.<\/p><div class=\"uagb-ifb-button-wrapper wp-block-button\"><a href=\"\/es\/about\/\" class=\"uagb-infobox-cta-link wp-block-button__link\" target=\"_self\" rel=\"noopener noreferrer\" onclick=\"return true;\"><span class=\"uagb-inline-editing\">M\u00e1s informaci\u00f3n<\/span><\/a><\/div><\/div><\/div>\n<\/div>\n<\/div><\/div>\n\n\n\n<div class=\"wp-block-uagb-container uagb-block-b9774670 alignfull uagb-is-root-container\"><div class=\"uagb-container-inner-blocks-wrap\">\n<div class=\"wp-block-uagb-image uagb-block-46ebe96a wp-block-uagb-image--layout-default wp-block-uagb-image--effect-static wp-block-uagb-image--align-none\"><figure class=\"wp-block-uagb-image__figure\"><img decoding=\"async\" srcset=\"https:\/\/quiitos-ec.com\/wp-content\/uploads\/2026\/02\/Diapositiva3-1-1024x576.png ,https:\/\/quiitos-ec.com\/wp-content\/uploads\/2026\/02\/Diapositiva3-1.png 780w, https:\/\/quiitos-ec.com\/wp-content\/uploads\/2026\/02\/Diapositiva3-1.png 360w\" sizes=\"(max-width: 480px) 150px\" src=\"https:\/\/quiitos-ec.com\/wp-content\/uploads\/2026\/02\/Diapositiva3-1-1024x576.png\" alt=\"\" class=\"uag-image-1981\" width=\"1024\" height=\"576\" title=\"Diapositiva3 (1)\" loading=\"lazy\" role=\"img\"\/><\/figure><\/div>\n<\/div><\/div>\n\n\n\n<div class=\"wp-block-uagb-container uagb-block-ec01bfa7 alignfull uagb-is-root-container\"><div class=\"uagb-container-inner-blocks-wrap\">\n<div class=\"wp-block-uagb-info-box uagb-block-13d69fb3 uagb-infobox__content-wrap  uagb-infobox-icon-above-title uagb-infobox-image-valign-top\"><div class=\"uagb-ifb-content\"><div class=\"uagb-ifb-title-wrap\"><h2 class=\"uagb-ifb-title\">Propuesta de valor \u00fanica<\/h2><\/div><p class=\"uagb-ifb-desc\">Ofrecemos bioinsumos amigables con el medio ambiente que impulsan el crecimiento sustentable, estableciendo nuevos est\u00e1ndares en la agricultura y la industria alimentaria.<\/p><\/div><\/div>\n\n\n\n<div class=\"wp-block-uagb-container uagb-block-5bf3f238\">\n<div class=\"wp-block-uagb-container uagb-block-8b947d96\">\n<div class=\"wp-block-uagb-image uagb-block-f831083c wp-block-uagb-image--layout-default wp-block-uagb-image--effect-static wp-block-uagb-image--align-none\"><figure class=\"wp-block-uagb-image__figure\"><img decoding=\"async\" srcset=\"https:\/\/quiitos-ec.com\/wp-content\/uploads\/2025\/02\/IMG_0411-1024x768.jpg ,https:\/\/quiitos-ec.com\/wp-content\/uploads\/2025\/02\/IMG_0411.jpg 780w, https:\/\/quiitos-ec.com\/wp-content\/uploads\/2025\/02\/IMG_0411.jpg 360w\" sizes=\"(max-width: 480px) 150px\" src=\"https:\/\/quiitos-ec.com\/wp-content\/uploads\/2025\/02\/IMG_0411-1024x768.jpg\" alt=\"\" class=\"uag-image-1706\" width=\"550\" height=\"500\" title=\"IMG_0411\" loading=\"lazy\" role=\"img\"\/><\/figure><\/div>\n<\/div>\n\n\n\n<div class=\"wp-block-uagb-container uagb-block-c465247c\">\n<div class=\"wp-block-uagb-info-box uagb-block-73b22374 uagb-infobox__content-wrap  uagb-infobox-icon-above-title uagb-infobox-image-valign-top\"><div class=\"uagb-ifb-content\"><div class=\"uagb-ifb-title-wrap\"><h3 class=\"uagb-ifb-title\">Soluciones sostenibles<\/h3><\/div><p class=\"uagb-ifb-desc\">Nuestros productos de bioinsumos promueven pr\u00e1cticas agr\u00edcolas sostenibles y el cuidado del medio ambiente.<\/p><div class=\"uagb-ifb-button-wrapper wp-block-button\"><a href=\"\/es\/offerings\/\" class=\"uagb-infobox-cta-link wp-block-button__link\" target=\"_self\" rel=\"noopener noreferrer\" onclick=\"return true;\"><span class=\"uagb-inline-editing\">M\u00e1s informaci\u00f3n<\/span><\/a><\/div><\/div><\/div>\n<\/div>\n<\/div>\n\n\n\n<div class=\"wp-block-uagb-container uagb-block-4dac132f\">\n<div class=\"wp-block-uagb-container uagb-block-44450004\">\n<div class=\"wp-block-uagb-image uagb-block-1fbbd46b wp-block-uagb-image--layout-default wp-block-uagb-image--effect-static wp-block-uagb-image--align-none\"><figure class=\"wp-block-uagb-image__figure\"><img decoding=\"async\" srcset=\"https:\/\/quiitos-ec.com\/wp-content\/uploads\/2024\/08\/pexels-photo-3938022.jpeg ,https:\/\/quiitos-ec.com\/wp-content\/uploads\/2024\/08\/pexels-photo-3938022.jpeg 780w, https:\/\/quiitos-ec.com\/wp-content\/uploads\/2024\/08\/pexels-photo-3938022.jpeg 360w\" sizes=\"(max-width: 480px) 150px\" src=\"https:\/\/quiitos-ec.com\/wp-content\/uploads\/2024\/08\/pexels-photo-3938022.jpeg\" alt=\"\" class=\"uag-image-14\" width=\"550\" height=\"500\" title=\"\" loading=\"lazy\" role=\"img\"\/><\/figure><\/div>\n<\/div>\n\n\n\n<div class=\"wp-block-uagb-container uagb-block-8b26c666\">\n<div class=\"wp-block-uagb-info-box uagb-block-af69361d uagb-infobox__content-wrap  uagb-infobox-icon-above-title uagb-infobox-image-valign-top\"><div class=\"uagb-ifb-content\"><div class=\"uagb-ifb-title-wrap\"><h3 class=\"uagb-ifb-title\">Impulsado por la innovaci\u00f3n<\/h3><\/div><p class=\"uagb-ifb-desc\">Somos l\u00edderes en el desarrollo de tecnolog\u00edas agr\u00edcolas de vanguardia para un futuro m\u00e1s verde.<\/p><div class=\"uagb-ifb-button-wrapper wp-block-button\"><a href=\"\/es\/offerings\/\" class=\"uagb-infobox-cta-link wp-block-button__link\" target=\"_self\" rel=\"noopener noreferrer\" onclick=\"return true;\"><span class=\"uagb-inline-editing\">M\u00e1s informaci\u00f3n<\/span><\/a><\/div><\/div><\/div>\n<\/div>\n<\/div>\n<\/div><\/div>\n\n\n\n<div class=\"wp-block-uagb-container uagb-block-c84325e4 alignfull uagb-is-root-container\"><div class=\"uagb-container-inner-blocks-wrap\">\n<div class=\"wp-block-uagb-info-box uagb-block-d8a09d88 uagb-infobox__content-wrap  uagb-infobox-icon-above-title uagb-infobox-image-valign-top\"><div class=\"uagb-ifb-content\"><div class=\"uagb-ifb-title-wrap\"><h2 class=\"uagb-ifb-title\">\u00danete a nosotros<\/h2><\/div><p class=\"uagb-ifb-desc\">\u00danete al movimiento de agricultura sostenible. Juntos podemos crear un futuro m\u00e1s verde.<\/p><div class=\"uagb-ifb-button-wrapper wp-block-button\"><a href=\"\/es\/contact\/\" class=\"uagb-infobox-cta-link wp-block-button__link\" target=\"_self\" rel=\"noopener noreferrer\" onclick=\"return true;\" alt=\"\"><span class=\"uagb-inline-editing\">Cont\u00e1ctanos<\/span><\/a><\/div><\/div><\/div>\n<\/div><\/div>","protected":false},"excerpt":{"rendered":"<p>Bio-Inputs Harness the power of beneficial microorganisms to optimize crop growth and health sustainably. Agri-Tech Leverage innovative agricultural technologies to [&hellip;]<\/p>","protected":false},"author":1,"featured_media":0,"parent":0,"menu_order":0,"comment_status":"closed","ping_status":"closed","template":"","meta":{"_uag_custom_page_level_css":"","site-sidebar-layout":"default","site-content-layout":"","ast-site-content-layout":"default","site-content-style":"default","site-sidebar-style":"default","ast-global-header-display":"","ast-banner-title-visibility":"","ast-main-header-display":"","ast-hfb-above-header-display":"","ast-hfb-below-header-display":"","ast-hfb-mobile-header-display":"","site-post-title":"disabled","ast-breadcrumbs-content":"","ast-featured-img":"","footer-sml-layout":"","theme-transparent-header-meta":"enabled","adv-header-id-meta":"","stick-header-meta":"","header-above-stick-meta":"","header-main-stick-meta":"","header-below-stick-meta":"","astra-migrate-meta-layouts":"set","ast-page-background-enabled":"default","ast-page-background-meta":{"desktop":{"background-color":"var(--ast-global-color-4)","background-image":"","background-repeat":"repeat","background-position":"center center","background-size":"auto","background-attachment":"scroll","background-type":"","background-media":"","overlay-type":"","overlay-color":"","overlay-opacity":"","overlay-gradient":""},"tablet":{"background-color":"","background-image":"","background-repeat":"repeat","background-position":"center center","background-size":"auto","background-attachment":"scroll","background-type":"","background-media":"","overlay-type":"","overlay-color":"","overlay-opacity":"","overlay-gradient":""},"mobile":{"background-color":"","background-image":"","background-repeat":"repeat","background-position":"center center","background-size":"auto","background-attachment":"scroll","background-type":"","background-media":"","overlay-type":"","overlay-color":"","overlay-opacity":"","overlay-gradient":""}},"ast-content-background-meta":{"desktop":{"background-color":"var(--ast-global-color-5)","background-image":"","background-repeat":"repeat","background-position":"center center","background-size":"auto","background-attachment":"scroll","background-type":"","background-media":"","overlay-type":"","overlay-color":"","overlay-opacity":"","overlay-gradient":""},"tablet":{"background-color":"var(--ast-global-color-5)","background-image":"","background-repeat":"repeat","background-position":"center center","background-size":"auto","background-attachment":"scroll","background-type":"","background-media":"","overlay-type":"","overlay-color":"","overlay-opacity":"","overlay-gradient":""},"mobile":{"background-color":"var(--ast-global-color-5)","background-image":"","background-repeat":"repeat","background-position":"center center","background-size":"auto","background-attachment":"scroll","background-type":"","background-media":"","overlay-type":"","overlay-color":"","overlay-opacity":"","overlay-gradient":""}},"footnotes":""},"class_list":["post-1259","page","type-page","status-publish","hentry"],"uagb_featured_image_src":{"full":false,"thumbnail":false,"medium":false,"medium_large":false,"large":false,"1536x1536":false,"2048x2048":false,"trp-custom-language-flag":false},"uagb_author_info":{"display_name":"nubiagriva84@gmail.com","author_link":"https:\/\/quiitos-ec.com\/es\/author\/nubiagriva84gmail-com\/"},"uagb_comment_info":0,"uagb_excerpt":"Bio-Inputs Harness the power of beneficial microorganisms to optimize crop growth and health sustainably. Agri-Tech Leverage innovative agricultural technologies to [&hellip;]","_links":{"self":[{"href":"https:\/\/quiitos-ec.com\/es\/wp-json\/wp\/v2\/pages\/1259"}],"collection":[{"href":"https:\/\/quiitos-ec.com\/es\/wp-json\/wp\/v2\/pages"}],"about":[{"href":"https:\/\/quiitos-ec.com\/es\/wp-json\/wp\/v2\/types\/page"}],"author":[{"embeddable":true,"href":"https:\/\/quiitos-ec.com\/es\/wp-json\/wp\/v2\/users\/1"}],"replies":[{"embeddable":true,"href":"https:\/\/quiitos-ec.com\/es\/wp-json\/wp\/v2\/comments?post=1259"}],"version-history":[{"count":30,"href":"https:\/\/quiitos-ec.com\/es\/wp-json\/wp\/v2\/pages\/1259\/revisions"}],"predecessor-version":[{"id":1982,"href":"https:\/\/quiitos-ec.com\/es\/wp-json\/wp\/v2\/pages\/1259\/revisions\/1982"}],"wp:attachment":[{"href":"https:\/\/quiitos-ec.com\/es\/wp-json\/wp\/v2\/media?parent=1259"}],"curies":[{"name":"wp","href":"https:\/\/api.w.org\/{rel}","templated":true}]}}