{"id":118,"date":"2024-08-13T20:14:44","date_gmt":"2024-08-13T20:14:44","guid":{"rendered":"https:\/\/quiitos-ec.com\/about\/"},"modified":"2026-01-28T04:14:56","modified_gmt":"2026-01-28T04:14:56","slug":"about","status":"publish","type":"page","link":"https:\/\/quiitos-ec.com\/es\/about\/","title":{"rendered":"Acerca de"},"content":{"rendered":"<div class=\"wp-block-uagb-container uagb-block-7fa683e6 alignfull uagb-is-root-container\"><div class=\"uagb-container-inner-blocks-wrap\">\n<div class=\"wp-block-uagb-advanced-heading uagb-block-74b342eb\"><h1 class=\"uagb-heading-text\">Bioinsumos innovadores<\/h1><\/div>\n<\/div><\/div>\n\n\n\n<div class=\"wp-block-uagb-container uagb-block-94ded581 alignfull uagb-is-root-container\"><div class=\"uagb-container-inner-blocks-wrap\">\n<div class=\"wp-block-uagb-advanced-heading uagb-block-671f3570\"><h2 class=\"uagb-heading-text\">Nuestra historia<\/h2><\/div>\n\n\n\n<div class=\"wp-block-uagb-container uagb-block-21891d52\">\n<div class=\"wp-block-uagb-container uagb-block-8a4a99e4\">\n<div class=\"wp-block-uagb-image alignleft uagb-block-e71a6b83 wp-block-uagb-image--layout-default wp-block-uagb-image--effect-static wp-block-uagb-image--align-left\"><figure class=\"wp-block-uagb-image__figure\"><img decoding=\"async\" srcset=\"https:\/\/quiitos-ec.com\/wp-content\/uploads\/2024\/08\/pexels-photo-3938022.jpeg ,https:\/\/quiitos-ec.com\/wp-content\/uploads\/2024\/08\/pexels-photo-3938022.jpeg 780w\" sizes=\"(max-width: 480px) 150px\" src=\"https:\/\/quiitos-ec.com\/wp-content\/uploads\/2024\/08\/pexels-photo-3938022.jpeg\" alt=\"\" class=\"uag-image-14\" width=\"526\" height=\"536\" title=\"\" loading=\"lazy\" role=\"img\"\/><\/figure><\/div>\n<\/div>\n\n\n\n<div class=\"wp-block-uagb-container uagb-block-7e959f87\">\n<div class=\"wp-block-uagb-info-box uagb-block-4960c374 uagb-infobox__content-wrap  uagb-infobox-icon-above-title uagb-infobox-image-valign-top\"><div class=\"uagb-ifb-content\"><div class=\"uagb-ifb-title-wrap\"><h3 class=\"uagb-ifb-title\">QUIITOS es una startup de biotecnolog\u00eda con visi\u00f3n de futuro dedicada al desarrollo sustentable de bioinsumos de alta calidad y respetuosos con el medio ambiente que aprovechan microorganismos beneficiosos.<\/h3><\/div><p class=\"uagb-ifb-desc\">&nbsp;QUIITOS inicia su andadura como una ambiciosa empresa destinada a revolucionar la agricultura y la industria alimentaria y agroalimentaria con soluciones biotecnol\u00f3gicas de vanguardia en 2023 en un peque\u00f1o laboratorio liderado por la Dra. Nubia Grijalva, tras regresar de sus estudios de doctorado en Europa con pocos recursos pero con el alma llena de sue\u00f1os.<br><br>Actualmente, QUIITOS cuenta con un equipo de profesionales altamente cualificados que trabajan en la investigaci\u00f3n y el desarrollo de nuevos y revolucionarios bioinsumos aplicados a la industria y la agricultura. Adem\u00e1s, cuenta con socios estrat\u00e9gicos en empresas y laboratorios de todo el mundo, provenientes de pa\u00edses como Espa\u00f1a, Alemania y Finlandia.<br><br>QUIITOS se enorgullece de servir a una amplia gama de clientes, desde peque\u00f1os agricultores hasta grandes empresas de procesamiento de alimentos, con sus productos de bioinsumos pioneros.<br><\/p><\/div><\/div>\n<\/div>\n<\/div>\n\n\n\n<div class=\"wp-block-media-text alignfull has-media-on-the-right is-stacked-on-mobile is-vertically-aligned-center is-style-default\" style=\"grid-template-columns:auto 56%\"><div class=\"wp-block-media-text__content\">\n<h2 class=\"wp-block-heading has-text-color\" style=\"color:#000000\"><strong>Misi\u00f3n<\/strong><\/h2>\n\n\n\n<p class=\"has-text-align-left has-black-color has-text-color\" style=\"font-size:17px;line-height:1.5\">Desarrollar y comercializar bioinsumos innovadores y sostenibles basados \u200b\u200ben microorganismos ben\u00e9ficos para las industrias agr\u00edcola, alimentaria y flor\u00edcola. Nos comprometemos a empoderar a nuestros clientes, desde peque\u00f1os agricultores hasta grandes productores de alimentos, ofreciendo soluciones ambientalmente responsables que mejoran la productividad, promueven el equilibrio ecol\u00f3gico y contribuyen a la seguridad alimentaria mundial. Mediante investigaci\u00f3n de vanguardia, alianzas internacionales estrat\u00e9gicas y un equipo de expertos apasionados, QUIITOS impulsa la transformaci\u00f3n biol\u00f3gica de la industria.<\/p>\n<\/div><figure class=\"wp-block-media-text__media\"><img loading=\"lazy\" decoding=\"async\" width=\"1024\" height=\"768\" src=\"https:\/\/quiitos-ec.com\/wp-content\/uploads\/2025\/06\/WhatsApp-Image-2025-06-20-at-15.04.49-1024x768.jpeg\" alt=\"\" class=\"wp-image-1726 size-full\" srcset=\"https:\/\/quiitos-ec.com\/wp-content\/uploads\/2025\/06\/WhatsApp-Image-2025-06-20-at-15.04.49-1024x768.jpeg 1024w, https:\/\/quiitos-ec.com\/wp-content\/uploads\/2025\/06\/WhatsApp-Image-2025-06-20-at-15.04.49-300x225.jpeg 300w, https:\/\/quiitos-ec.com\/wp-content\/uploads\/2025\/06\/WhatsApp-Image-2025-06-20-at-15.04.49-768x576.jpeg 768w, https:\/\/quiitos-ec.com\/wp-content\/uploads\/2025\/06\/WhatsApp-Image-2025-06-20-at-15.04.49-1536x1152.jpeg 1536w, https:\/\/quiitos-ec.com\/wp-content\/uploads\/2025\/06\/WhatsApp-Image-2025-06-20-at-15.04.49.jpeg 1600w\" sizes=\"(max-width: 1024px) 100vw, 1024px\" \/><\/figure><\/div>\n\n\n\n<div class=\"wp-block-media-text alignfull has-media-on-the-right is-stacked-on-mobile is-vertically-aligned-center is-style-default\" style=\"grid-template-columns:auto 56%\"><div class=\"wp-block-media-text__content\">\n<h2 class=\"wp-block-heading has-text-color\" style=\"color:#000000\"><strong>Visi\u00f3n<\/strong><\/h2>\n\n\n\n<p class=\"has-text-align-left has-black-color has-text-color\" style=\"font-size:17px;line-height:1.5\">Ser la empresa biotecnol\u00f3gica l\u00edder en Latinoam\u00e9rica en el desarrollo de bioinsumos, reconocida por transformar la agricultura y la producci\u00f3n alimentaria mediante la innovaci\u00f3n sostenible. Visualizamos un futuro donde las soluciones basadas en la naturaleza sean la base de un sistema agr\u00edcola m\u00e1s resiliente, productivo y respetuoso con el medio ambiente.<\/p>\n<\/div><figure  class=\"wp-block-media-text__media\"><img loading=\"lazy\" decoding=\"async\" width=\"1200\" height=\"1600\" alt=\"A1\" src=\"https:\/\/quiitos-ec.com\/wp-content\/uploads\/2025\/06\/WhatsApp-Image-2025-06-22-at-12.17.05.jpeg\" class=\"wp-image-1720 size-full\" srcset=\"https:\/\/quiitos-ec.com\/wp-content\/uploads\/2025\/06\/WhatsApp-Image-2025-06-22-at-12.17.05.jpeg 1200w, https:\/\/quiitos-ec.com\/wp-content\/uploads\/2025\/06\/WhatsApp-Image-2025-06-22-at-12.17.05-225x300.jpeg 225w, https:\/\/quiitos-ec.com\/wp-content\/uploads\/2025\/06\/WhatsApp-Image-2025-06-22-at-12.17.05-768x1024.jpeg 768w, https:\/\/quiitos-ec.com\/wp-content\/uploads\/2025\/06\/WhatsApp-Image-2025-06-22-at-12.17.05-1152x1536.jpeg 1152w\" sizes=\"(max-width: 1200px) 100vw, 1200px\" \/><\/figure><\/div>\n\n\n\n<p><\/p>\n<\/div><\/div>\n\n\n\n<div class=\"wp-block-uagb-container uagb-block-cc344175 alignfull uagb-is-root-container\"><div class=\"uagb-container-inner-blocks-wrap\">\n<div class=\"wp-block-uagb-advanced-heading uagb-block-7b2294a3\"><h2 class=\"uagb-heading-text\">Nuestros Valores<\/h2><p class=\"uagb-desc-text\">Principios rectores que impulsan nuestra misi\u00f3n y definen nuestro enfoque hacia la innovaci\u00f3n sostenible<\/p><\/div>\n\n\n\n<div class=\"wp-block-uagb-container uagb-block-ecb8dade\">\n<div class=\"wp-block-uagb-advanced-heading uagb-block-bef7d43a\"><h3 class=\"uagb-heading-text\">Sostenibilidad<\/h3><p class=\"uagb-desc-text\">Estamos comprometidos con pr\u00e1cticas sostenibles que apoyen la salud del medio ambiente y las generaciones futuras.<\/p><\/div>\n\n\n\n<div class=\"wp-block-uagb-advanced-heading uagb-block-b863782d\"><h3 class=\"uagb-heading-text\">Innovaci\u00f3n<\/h3><p class=\"uagb-desc-text\">Nos esforzamos continuamente por desarrollar soluciones de vanguardia que impulsen el progreso y redefinan los est\u00e1ndares de la industria.<\/p><\/div>\n\n\n\n<div class=\"wp-block-uagb-advanced-heading uagb-block-9f890ad2\"><h3 class=\"uagb-heading-text\">Colaboraci\u00f3n<\/h3><p class=\"uagb-desc-text\">Creemos en fomentar asociaciones y colaboraciones s\u00f3lidas para lograr objetivos compartidos y crear un impacto positivo.<\/p><\/div>\n<\/div>\n<\/div><\/div>\n\n\n\n<div class=\"wp-block-uagb-container uagb-block-c84325e4 alignfull uagb-is-root-container\"><div class=\"uagb-container-inner-blocks-wrap\">\n<div class=\"wp-block-uagb-info-box uagb-block-d8a09d88 uagb-infobox__content-wrap  uagb-infobox-icon-above-title uagb-infobox-image-valign-top\"><div class=\"uagb-ifb-content\"><div class=\"uagb-ifb-title-wrap\"><h2 class=\"uagb-ifb-title\">\u00danete a nosotros<\/h2><\/div><p class=\"uagb-ifb-desc\">\u00danete al movimiento de agricultura sostenible. Juntos podemos crear un futuro m\u00e1s verde.<\/p><div class=\"uagb-ifb-button-wrapper wp-block-button\"><a href=\"\/es\/contact\/\" class=\"uagb-infobox-cta-link wp-block-button__link\" target=\"_self\" rel=\"noopener noreferrer\" onclick=\"return true;\" alt=\"\"><span class=\"uagb-inline-editing\">Cont\u00e1ctanos<\/span><\/a><\/div><\/div><\/div>\n<\/div><\/div>","protected":false},"excerpt":{"rendered":"<p>Innovative Bio-Inputs Our Story Mission To develop and market innovative, sustainable bio-inputs based on beneficial microorganisms for the agriculture, food, [&hellip;]<\/p>","protected":false},"author":1,"featured_media":1720,"parent":0,"menu_order":0,"comment_status":"closed","ping_status":"closed","template":"","meta":{"_uag_custom_page_level_css":"","site-sidebar-layout":"default","site-content-layout":"","ast-site-content-layout":"default","site-content-style":"default","site-sidebar-style":"default","ast-global-header-display":"","ast-banner-title-visibility":"","ast-main-header-display":"","ast-hfb-above-header-display":"","ast-hfb-below-header-display":"","ast-hfb-mobile-header-display":"","site-post-title":"disabled","ast-breadcrumbs-content":"","ast-featured-img":"disabled","footer-sml-layout":"","theme-transparent-header-meta":"enabled","adv-header-id-meta":"","stick-header-meta":"","header-above-stick-meta":"","header-main-stick-meta":"","header-below-stick-meta":"","astra-migrate-meta-layouts":"set","ast-page-background-enabled":"default","ast-page-background-meta":{"desktop":{"background-color":"var(--ast-global-color-4)","background-image":"","background-repeat":"repeat","background-position":"center center","background-size":"auto","background-attachment":"scroll","background-type":"","background-media":"","overlay-type":"","overlay-color":"","overlay-opacity":"","overlay-gradient":""},"tablet":{"background-color":"","background-image":"","background-repeat":"repeat","background-position":"center center","background-size":"auto","background-attachment":"scroll","background-type":"","background-media":"","overlay-type":"","overlay-color":"","overlay-opacity":"","overlay-gradient":""},"mobile":{"background-color":"","background-image":"","background-repeat":"repeat","background-position":"center center","background-size":"auto","background-attachment":"scroll","background-type":"","background-media":"","overlay-type":"","overlay-color":"","overlay-opacity":"","overlay-gradient":""}},"ast-content-background-meta":{"desktop":{"background-color":"var(--ast-global-color-5)","background-image":"","background-repeat":"repeat","background-position":"center center","background-size":"auto","background-attachment":"scroll","background-type":"","background-media":"","overlay-type":"","overlay-color":"","overlay-opacity":"","overlay-gradient":""},"tablet":{"background-color":"var(--ast-global-color-5)","background-image":"","background-repeat":"repeat","background-position":"center center","background-size":"auto","background-attachment":"scroll","background-type":"","background-media":"","overlay-type":"","overlay-color":"","overlay-opacity":"","overlay-gradient":""},"mobile":{"background-color":"var(--ast-global-color-5)","background-image":"","background-repeat":"repeat","background-position":"center center","background-size":"auto","background-attachment":"scroll","background-type":"","background-media":"","overlay-type":"","overlay-color":"","overlay-opacity":"","overlay-gradient":""}},"footnotes":""},"class_list":["post-118","page","type-page","status-publish","has-post-thumbnail","hentry"],"uagb_featured_image_src":{"full":["https:\/\/quiitos-ec.com\/wp-content\/uploads\/2025\/06\/WhatsApp-Image-2025-06-22-at-12.17.05.jpeg",1200,1600,false],"thumbnail":["https:\/\/quiitos-ec.com\/wp-content\/uploads\/2025\/06\/WhatsApp-Image-2025-06-22-at-12.17.05-150x150.jpeg",150,150,true],"medium":["https:\/\/quiitos-ec.com\/wp-content\/uploads\/2025\/06\/WhatsApp-Image-2025-06-22-at-12.17.05-225x300.jpeg",225,300,true],"medium_large":["https:\/\/quiitos-ec.com\/wp-content\/uploads\/2025\/06\/WhatsApp-Image-2025-06-22-at-12.17.05-768x1024.jpeg",768,1024,true],"large":["https:\/\/quiitos-ec.com\/wp-content\/uploads\/2025\/06\/WhatsApp-Image-2025-06-22-at-12.17.05-768x1024.jpeg",768,1024,true],"1536x1536":["https:\/\/quiitos-ec.com\/wp-content\/uploads\/2025\/06\/WhatsApp-Image-2025-06-22-at-12.17.05-1152x1536.jpeg",1152,1536,true],"2048x2048":["https:\/\/quiitos-ec.com\/wp-content\/uploads\/2025\/06\/WhatsApp-Image-2025-06-22-at-12.17.05.jpeg",1200,1600,false],"trp-custom-language-flag":["https:\/\/quiitos-ec.com\/wp-content\/uploads\/2025\/06\/WhatsApp-Image-2025-06-22-at-12.17.05.jpeg",9,12,false]},"uagb_author_info":{"display_name":"nubiagriva84@gmail.com","author_link":"https:\/\/quiitos-ec.com\/es\/author\/nubiagriva84gmail-com\/"},"uagb_comment_info":0,"uagb_excerpt":"Innovative Bio-Inputs Our Story Mission To develop and market innovative, sustainable bio-inputs based on beneficial microorganisms for the agriculture, food, [&hellip;]","_links":{"self":[{"href":"https:\/\/quiitos-ec.com\/es\/wp-json\/wp\/v2\/pages\/118"}],"collection":[{"href":"https:\/\/quiitos-ec.com\/es\/wp-json\/wp\/v2\/pages"}],"about":[{"href":"https:\/\/quiitos-ec.com\/es\/wp-json\/wp\/v2\/types\/page"}],"author":[{"embeddable":true,"href":"https:\/\/quiitos-ec.com\/es\/wp-json\/wp\/v2\/users\/1"}],"replies":[{"embeddable":true,"href":"https:\/\/quiitos-ec.com\/es\/wp-json\/wp\/v2\/comments?post=118"}],"version-history":[{"count":13,"href":"https:\/\/quiitos-ec.com\/es\/wp-json\/wp\/v2\/pages\/118\/revisions"}],"predecessor-version":[{"id":1952,"href":"https:\/\/quiitos-ec.com\/es\/wp-json\/wp\/v2\/pages\/118\/revisions\/1952"}],"wp:featuredmedia":[{"embeddable":true,"href":"https:\/\/quiitos-ec.com\/es\/wp-json\/wp\/v2\/media\/1720"}],"wp:attachment":[{"href":"https:\/\/quiitos-ec.com\/es\/wp-json\/wp\/v2\/media?parent=118"}],"curies":[{"name":"wp","href":"https:\/\/api.w.org\/{rel}","templated":true}]}}